{"id":307,"date":"2012-06-25T18:21:59","date_gmt":"2012-06-25T16:21:59","guid":{"rendered":"http:\/\/robinbuerger.de\/?page_id=307"},"modified":"2018-12-14T05:50:04","modified_gmt":"2018-12-14T03:50:04","slug":"307-2","status":"publish","type":"page","link":"https:\/\/robinbuerger.de\/robin\/?page_id=307","title":{"rendered":"Auf Wiedersehensfeier"},"content":{"rendered":"<p>Aldin Ardic<br \/>\nAndreas H\u00fcl<br \/>\nAndreas Wintzer<br \/>\nArmin Ardic<br \/>\nBenjamin Scheff<br \/>\nBernhard Wintzer<br \/>\nBianca Knoche<br \/>\nBrigitte B\u00fcrger<br \/>\nCaleb Northrop<br \/>\nCarina Jochinsen<br \/>\nChantal H\u00e4kel<br \/>\nChristian Drees<br \/>\nDaniel Hutmacher<br \/>\nDaniela Cramer<br \/>\nDelia G\u00e4nz<br \/>\nDimitrios Maligiamnis<br \/>\nDr. Franz-Josef Versin<br \/>\nDustin Wilms<br \/>\nErnst Raulf<br \/>\nFamilie Schr\u00f6der<br \/>\nFelix Bom<br \/>\nFelix Rittersw\u00fcrden<br \/>\nFelix Schiffer<br \/>\nFriedhelm Wagener<br \/>\nG\u00fcnni Butz<br \/>\nGeorg Wintzer<br \/>\nH\u00fcseyin Yesiler<br \/>\nHalena Krack<br \/>\nHeiko Pape<br \/>\nIngeborg Wagener<br \/>\nIngo Kampe<br \/>\nIngrid M\u00fcller<br \/>\nJ\u00f6rg Ostwald<br \/>\nJanina Bhm<br \/>\nJanine Schneider<br \/>\nJaqueline Bretl\u00e4nder<br \/>\nJasmin Westermann<br \/>\nJennifer Schmidt<br \/>\nJoline Hawes<br \/>\nJulian Vollmer<br \/>\nKatharina Janas<br \/>\nKatrin Kasek<br \/>\nKonny Knoll<br \/>\nKristin Waldminghaus<br \/>\nLars Fiege<br \/>\nLaura Biermann<br \/>\nLinda Sloboda<br \/>\nLuca Buch<br \/>\nMandy Bartsch<br \/>\nManuela Schmidt<br \/>\nManuela Sloboda-L\u00fcke<br \/>\nMarc Hawes<br \/>\nMarcel B\u00fcrger<br \/>\nMarcel Schmitz<br \/>\nMarei Hofmann<br \/>\nMarisa G\u00e4nz<br \/>\nMarlena Peryt<br \/>\nMartin Kasek<br \/>\nMary Schulte<br \/>\nMatthias Panjas<br \/>\nMatthias Sosna<br \/>\nMatthias Wintzer<br \/>\nMax Odenthal<br \/>\nMelina Kemper<br \/>\nMelina Kemper<br \/>\nMelvin Aring<br \/>\nMichael Schullen<br \/>\nMike Schulz<br \/>\nMine Sevim<br \/>\nMine Sevin<br \/>\nMuhammed Yeniceli<br \/>\nNadine Heyfarth<br \/>\nNadine Meyfarth<br \/>\nNicole Bobbert<br \/>\nPatricia Westermann<br \/>\nPatrick Pythinski<br \/>\nPetra Eggers-Wintzer<br \/>\nPhilip Seewald<br \/>\nPhilipp Tresbach<br \/>\nPhilipp Zeitz<br \/>\nPhillip Wolf<br \/>\nRafael Pietrwalski<br \/>\nRalf Sloboda<br \/>\nReiner Gollnick<br \/>\nRoland Westermann<br \/>\nRosemarie Sloboda<br \/>\nSabine Hawes<br \/>\nSabine Sloboda<br \/>\nSalvatore Vaccaro<br \/>\nSamija Ardic<br \/>\nSandra Wilms<br \/>\nSercan Seymen<br \/>\nSilvan L\u00f6ber<br \/>\nSteven Raulf<br \/>\nTanja Blazevic<br \/>\nTill Schiffer<br \/>\nTim Winterhoff<br \/>\nTobias B\u00fcrger<br \/>\nVanessa Meilwes<br \/>\nVanessa Simon<br \/>\nWerner Gollnick<br \/>\nWiebke Kuhlmann<br \/>\nWiebke Laasen<br \/>\nWilliam W\u00fcrpel<br \/>\nZeyneb G\u00fcng\u00f6ren<\/p>\n","protected":false},"excerpt":{"rendered":"<p>Aldin Ardic Andreas H\u00fcl Andreas Wintzer Armin Ardic Benjamin Scheff Bernhard Wintzer Bianca Knoche Brigitte B\u00fcrger Caleb Northrop Carina Jochinsen Chantal H\u00e4kel Christian Drees Daniel Hutmacher Daniela Cramer Delia G\u00e4nz Dimitrios Maligiamnis Dr. Franz-Josef Versin Dustin Wilms Ernst Raulf Familie Schr\u00f6der Felix Bom Felix Rittersw\u00fcrden Felix Schiffer Friedhelm Wagener G\u00fcnni Butz Georg Wintzer H\u00fcseyin Yesiler [&hellip;]<\/p>\n","protected":false},"author":1,"featured_media":0,"parent":0,"menu_order":0,"comment_status":"open","ping_status":"open","template":"","meta":{"ngg_post_thumbnail":0,"footnotes":""},"class_list":["post-307","page","type-page","status-publish","hentry"],"_links":{"self":[{"href":"https:\/\/robinbuerger.de\/robin\/index.php?rest_route=\/wp\/v2\/pages\/307","targetHints":{"allow":["GET"]}}],"collection":[{"href":"https:\/\/robinbuerger.de\/robin\/index.php?rest_route=\/wp\/v2\/pages"}],"about":[{"href":"https:\/\/robinbuerger.de\/robin\/index.php?rest_route=\/wp\/v2\/types\/page"}],"author":[{"embeddable":true,"href":"https:\/\/robinbuerger.de\/robin\/index.php?rest_route=\/wp\/v2\/users\/1"}],"replies":[{"embeddable":true,"href":"https:\/\/robinbuerger.de\/robin\/index.php?rest_route=%2Fwp%2Fv2%2Fcomments&post=307"}],"version-history":[{"count":7,"href":"https:\/\/robinbuerger.de\/robin\/index.php?rest_route=\/wp\/v2\/pages\/307\/revisions"}],"predecessor-version":[{"id":610,"href":"https:\/\/robinbuerger.de\/robin\/index.php?rest_route=\/wp\/v2\/pages\/307\/revisions\/610"}],"wp:attachment":[{"href":"https:\/\/robinbuerger.de\/robin\/index.php?rest_route=%2Fwp%2Fv2%2Fmedia&parent=307"}],"curies":[{"name":"wp","href":"https:\/\/api.w.org\/{rel}","templated":true}]}}