{"id":102,"date":"2012-06-23T15:12:10","date_gmt":"2012-06-23T13:12:10","guid":{"rendered":"http:\/\/robinbuerger.de\/?page_id=102"},"modified":"2015-05-07T09:24:46","modified_gmt":"2015-05-07T07:24:46","slug":"die-rede","status":"publish","type":"page","link":"https:\/\/robinbuerger.de\/robin\/?page_id=102","title":{"rendered":"Die Rede"},"content":{"rendered":"<p>&nbsp;<\/p>\n<p><strong><em>\u00a0\u00a0\u00a0\u00a0 Auf Wiedersehensfeier f\u00fcr Robin B\u00fcrger<\/em><\/strong><\/p>\n<p>&nbsp;<\/p>\n<p>Anfangsmusik<\/p>\n<p>Liebe G\u00e4ste, liebe Familie, bevor die Auf Wiedersehensfeier beginnt, m\u00f6chte ich noch etwas zu den angez\u00fcndeten Kerzen sagen:<\/p>\n<p>Sie haben Robin alle eine Kerze angez\u00fcndet &#8211; und vielleicht sehen Sie das symbolisch als ein Licht, das Sie ihm mit auf seinen Weg auf die \u201eandere Seite\u201c mit geben.<\/p>\n<p>Ich m\u00f6chte auch vorab noch sagen:<\/p>\n<p>\u201eDa, wo Robin jetzt ist, ist er gesund mit seiner neuen, funktionierenden Leber und es geht ihm gut.\u201c<\/p>\n<p>Und: \u201eDa, wo Robin jetzt ist, vergeht nur eine Sekunde, ein Wimpernschlag an Zeit, bis er Sie\/Euch alle wieder trifft\u201c! Deshalb nennen wir diese Trauerfeier heute auch Auf Wiedersehensfeier.<\/p>\n<p>Liebe G\u00e4ste, liebe Angeh\u00f6rige und Freunde, ich hei\u00dfe Sie ganz herzlich Willkommen zu dieser Auf Wiedersehensfeier von Robin B\u00fcrger &#8211; Ihrem Sohn, Ihrem Bruder, Ihrem Freund und Ihrem Schulkollegen, der am Sonntag, dem 27. Mai 2012 in der Klinik in Essen verstorben ist.<\/p>\n<p>Sch\u00f6n, dass Sie alle gekommen sind, um Robin ein St\u00fcck seines Weges zu begleiten und zu zeigen, wie wichtig er Ihnen war.<\/p>\n<p>Heute ist der Tag, an dem wir ganz bewusst noch einmal auf das schauen, was Robin uns in diesem Leben bedeutet hat, wie er war, welche Spuren er hinterl\u00e4sst, so dass wir Abschied nehmen und ihn im Herzen behalten k\u00f6nnen &#8211; dass wir \u201eAuf Wiedersehen\u201c sagen und ihn seinen Weg gehen lassen k\u00f6nnen.<\/p>\n<p>Sie sehen jetzt Fotos aus Robins Lebensphasen und dazu Musik, die Robin selber sehr mochte, die ihm wichtig war.<\/p>\n<p>In den Pausen spreche ich einige Worte, m\u00f6chte ich Sie, die ihn pers\u00f6nlich kannten, aber auch dazu einladen, etwas zu sagen &#8211; ein Wort, einen Satz, wie er f\u00fcr sie war oder eine Begebenheit, die sie mit ihm erlebt haben&#8230; (sie k\u00f6nnen dabei einfach von Ihrem Platz aus etwas sagen oder hier nach vorne kommen)<\/p>\n<p>Dann beginnen wir jetzt mit dieser Reise durch Robins Leben.<\/p>\n<p>&nbsp;<\/p>\n<p>[wpvp_embed type=vimeo video_code=44710585 width=550 height=340]<\/p>\n<p>&nbsp;<\/p>\n<p><span style=\"text-decoration: underline;\"><strong>1. \u201eBaby- und Kinderzeit\u201c \/ Circle of Life<\/strong><\/span><\/p>\n<p>Am 18. August 1993 erblickte Robin in Unna das Licht der Welt.<\/p>\n<p>Er wuchs mit seinen \u00e4lteren Br\u00fcdern Tobi und Marcel in einer Art \u201ePatchworkfamilie\u201c auf; er war gut aufgehoben zwischen seinen Br\u00fcdern, zu denen er auch eine starke Verbindung hatte.<\/p>\n<p>Als er in den Kindergarten kam, kam er mit Jasmin (oder Mine) zusammen, zu der Robin auch eine dauerhaftes, freundschaftliches &#8211; im Grunde geschwisterliches Verh\u00e4ltnis entwickelte und beibehielt.<\/p>\n<p>Durch die Freundschaft von Jasmins Mutter Patti zu Robins Mutter Brigitte verbrachten sie viel Zeit miteinander &#8211; Urlaube in Holland, Ausfl\u00fcge in Freizeitparks, und Weihnachten wurde immer in dem offenen Hinterhaus in der Morgenstra\u00dfe gemeinsam gefeiert&#8230;<\/p>\n<p>Robin besuchte die Katharinenschule, ging auf die Anne Frank Realschule und dann zuletzt noch auf das Hansa-Kolleg, um sein Fachabitur zu bauen.<\/p>\n<p>Er hat sich \u00fcberall wohl gef\u00fchlt &#8211; in der Schule, bei seinen Br\u00fcdern und deren Freunden, in seinem gro\u00dfen Freundeskreis &#8211; mit seiner Pers\u00f6nlichkeit, seiner Ausstrahlung, seinen Augen und seinem L\u00e4cheln hinterlie\u00df Robin immer einen positiven Eindruck&#8230;<\/p>\n<p>Auf dem letzten Foto dieser Reihe h\u00e4lt Robin als Onkel seine Nichte Melina Feline im Arm, neues Leben &#8211; der Kreis des Lebens.<\/p>\n<p><strong>Einladung zu sprechen<\/strong><\/p>\n<p>&nbsp;<\/p>\n<p>[wpvp_embed type=vimeo video_code=44710262 width=550 height=340]<\/p>\n<p>&nbsp;<\/p>\n<p><strong><span style=\"text-decoration: underline;\">2. \u201eRollen in der Welt, als Onkel, Bruder\u201c \/ You are not alone<\/span><\/strong><\/p>\n<p>Robin lachte &#8211; oder strahlte &#8211; oft, er hatte etwas Verbindendes, Zusammenhaltendes, er brachte Viele zusammen; sein Freundeskreis war international, er hatte immer den Menschen vor sich, alles andere war ihm egal&#8230;<\/p>\n<p>Er hatte gerne seine Freunde um sich!<\/p>\n<p>Auch wenn jemand in Schwierigkeiten oder einer Krise steckte, war Robin da &#8211; manchmal hat er eher an die anderen als an sich gedacht!<\/p>\n<p>Seine eigene Krankheit, mit der er seit zehn Jahren leben musste, war f\u00fcr ihn kein Thema, Robin wollte einfach ein normaler, \u201ecooler\u201c Jugendlicher sein &#8211; er wollte keinen \u201eBonus\u201c oder Sonderstatus und machte viel mit sich selbst aus&#8230;<\/p>\n<p>Und Robin wollte alles ausprobieren, hat alles gemacht &#8211; ob er 1 1\/2 Jahre mal Fu\u00dfball spielte, auf Reisen ging oder Minigolf probierte, er wehrte sich, dass ihm die Krankheit nicht im Weg stand und lebte seine unb\u00e4ndige Lebensfreude&#8230;<\/p>\n<p>Nur manchmal f\u00fchlte er sich etwas Au\u00dfenstehend, dann ging er nicht auf die Party, das war aber nur selten. Robin wollte nicht, dass man R\u00fccksicht auf ihn nimmt, dann klinkte er sich aus.<\/p>\n<p>Sicher war es unterst\u00fctzend f\u00fcr ihn, in seine Familie eingebettet zu sein, die ihn auch jetzt noch in seiner Mitte hat &#8211; er ist nicht allein!<\/p>\n<p>Vielleicht hat seine Krankheit Robin aber auch schon an existenzielle Auseinandersetzungen und Tiefen gebracht, an eine Reife, die in diesem Alter sonst nicht so leicht zu finden ist?<\/p>\n<p>Robin war immer authentisch, sagte, was er dachte und was er wollte, ging in gewisser Weise einen geraden Weg und war ganz sicher au\u00dferhalb der Norm.<\/p>\n<p>Er hatte mit seinen 18 Jahren schon ein klares Weltbild und ein gro\u00dfes Allgemeinwissen, er machte sich Gedanken, was auf der Welt passiert; bei den Wahlen besch\u00e4ftigte Robin sich mit allen Parteien &#8211; man konnte ernsthafte Diskussionen mit ihm f\u00fchren, er akzeptierte auch Anderes, hatte aber schon seine eigene Meinung.<\/p>\n<p>Jasmin sagt: \u201eRobin konnte von Spa\u00df schnell zu Ernst wechseln, manchmal haben wir mit ihm zwei Stunden \u00fcber was Ernstes geredet\u201c&#8230;<\/p>\n<p>Er probierte sich aus und steckte sich seine Grenzen selber, was seiner Mutter sicher manchmal Angst machte.<\/p>\n<p>Robin setzte sich auch mit dem Tod auseinander, im Detail aber machte er das mit sich selbst aus; mit seiner Mutter sprach er dar\u00fcber, was danach kommt, er hatte auch Angst &#8211; manchmal brach etwas in ihm und er konnte seine Gef\u00fchle raus lassen.<\/p>\n<p>Aber er sagte: \u201eDa ist etwas, da gibt es etwas nach dem Tod.\u201c Sein Glauben ist vielleicht eher in der N\u00e4he des Buddhismus, auch damit besch\u00e4ftigte er sich schon, er f\u00fchlte sich auch von asiatischer Kultur und asiatischen Menschen immer wieder angezogen&#8230;<\/p>\n<p>Und: Selbst wenn er im Krankenhaus war, baute er andere noch auf.<\/p>\n<p>Jasmin fragte sich oft: \u201eWie schafft er das? Ich habe viel aus Robin gelernt!\u201c Er war aufmunternd, sagte aber auch ehrlich, \u201ewenn etwas Schei\u00dfe war\u201c&#8230;<\/p>\n<p>Robin war sehr kr\u00e4ftig, aber gleichzeitig auch sehr zerbrechlich!<\/p>\n<p><strong>Einladung, zu sprechen<\/strong><\/p>\n<p>&nbsp;<\/p>\n<p>[wpvp_embed type=vimeo video_code=44710720 width=550 height=340]<\/p>\n<p>&nbsp;<\/p>\n<p><span style=\"text-decoration: underline;\"><strong>3. \u201eFlippig und Faxen\u201c. Jugendzeit \/ Can you feel the love tonight<\/strong><\/span><\/p>\n<p>Robin&#8217;s manchmal \u00fcbersch\u00e4umende Freude, seine Faxen und schr\u00e4gen Momente, er war f\u00fcr jeden Spa\u00df zu haben&#8230;<\/p>\n<p>Er kannte jeden Horrorfilm auswendig und hatte keine Angst, hinzugucken; auch sonst kannte er schon die Trailer neuer Filme und wusste immer ob es sich lohnt, reinzugehen&#8230;<\/p>\n<p>Einen Ehrenplatz in dem Kino von Halbbruder Matthias und G\u00fcnni hat Robin auf jeden Fall!<\/p>\n<p>Robin hatte eine Leidenschaft f\u00fcr Spiele und Konsolen und konnte sogar dem Eigent\u00fcmer des Verleihs immer die neuesten Tricks zeigen oder zeigen wie ein Spiel funktioniert&#8230; Er war beim Fu\u00dfball dabei, liebte es, mitten drin bei der WM mitzufiebern und er freute sich auf die EM&#8230;<\/p>\n<p>Er liebte es, auf Reisen zu gehen und Neues kennenzulernen, die Bilder von den Fahrten auf der Aida und den Urlauben und Ausfl\u00fcgen sprechen f\u00fcr sich&#8230;<\/p>\n<p>Robin war auch bei den M\u00e4dels beliebt, durch seine Pers\u00f6nlichkeit, seine Lebensfreude, sein gewinnendes, strahlendes L\u00e4cheln und seine Augen war er Sympathietr\u00e4ger, er war cool.<\/p>\n<p>Er war auf eine Art cool, f\u00fcr sich selbst zu gehen und seinen Impulsen zu folgen, egal was andere in dem Moment von ihm dachten. Robin stieg z.B. einmal aus einem Karussell wieder aus, weil er das Gef\u00fchl hatte, das die Fahrt nicht gut f\u00fcr ihn wird&#8230;<\/p>\n<p>Er konnte auch nachdenklich sein, er hatte viele Seiten&#8230;<\/p>\n<p>Robin wollte gerne nach dem Hansa-Kolleg in den kaufm\u00e4nnischen Bereich gehen, in einen Beruf, in dem er im Kontakt mit Menschen ist, das war ihm immer wichtig.<\/p>\n<p>Viel los war immer in Robins \u201e2. Zuhause im Hinterhof \u2018 bei Patti, Roland und Mine, wo er oft war, wo Feste gefeiert wurden, wo Fu\u00dfball geguckt wurde und immer Leute von 17 bis 70 zusammen waren.<\/p>\n<p>\u201eDer Chef\u201c oder \u201eDr. Rob\u201c ging hier ein und aus!<\/p>\n<p>Das neue Organ bedeutete Zukunft und Zuversicht f\u00fcr Robin, es kam anders. Er hat noch gek\u00e4mpft, dann hat Robin losgelassen und er wurde von Tag zu Tag entspannter.<\/p>\n<p>Seine Familie, seine Freunde waren auch am letzten Tag bei ihm, die Eltern haben seine Hand gehalten &#8211; es war so, als ob ein \u201emir reicht es jetzt\u201c von ihm kommt, dann hat er die Schwelle \u00fcberschritten.<\/p>\n<p>\u201eBis sp\u00e4ter, Leute\u201c, w\u00fcrde er jetzt vielleicht sagen!<\/p>\n<p><strong>Einladung, zu sprechen<\/strong><\/p>\n<p>&nbsp;<\/p>\n<p>Aus dem Gespr\u00e4ch, das ich am vergangenen Samstag mit Robins Eltern, seinen Br\u00fcdern, Patti, Jasmin und all den Menschen, die an diesem Tag noch da waren, gef\u00fchrt habe, m\u00f6chte ich noch Eines sagen: Es war nat\u00fcrlich Trauer und Schmerz da, aber auch eine Art Gefasst sein, die auch etwas mit Robins zuversichtlicher, zugewandter Kraft zu tun hatte, die er ausgestrahlt hat. Und es war sehr viel <strong><em>Liebe<\/em><\/strong>, Respekt und Wertsch\u00e4tzung f\u00fcr Robin h\u00f6rbar und sp\u00fcrbar, und das bleibt mir in Erinnerung!<\/p>\n<p>Robin ist geliebt worden und das ist eben auch nicht zu Ende!<\/p>\n<p>Lassen Sie mich noch einen Gedanken dazu sagen:<\/p>\n<p><em>Etwas von ihm<\/em>, sei es seine positive Kraft, seine verschmitzte Art und seine, sei Ausstrahlung, sein Lachen und sein Interesse an der Welt und an den Menschen, seine gro\u00dfe Lebensfreude, seine <strong><em>Liebe<\/em><\/strong>, lebt weiter &#8211; in Ihnen, in seiner Familie, in seinen Freunden&#8230;<\/p>\n<p>Erinnern Sie sich an ihn, wenn Sie ein Computerspiel spielen, wenn Sie die EM verfolgen, wenn Sie tiefe Gespr\u00e4che f\u00fchren, wenn Sie einen Horrorfilm sehen, wenn Sie im Hinterhaus zusammensitzen oder wenn Sie einfach ein Bild, ein Erinnerungsst\u00fcck von ihm in den H\u00e4nden halten&#8230;<\/p>\n<p>F\u00fchlen Sie, wie er Ihnen fehlt!<\/p>\n<p>Er hat gelebt und seine Spuren hinterlassen. Er hat schwierige, aber zum Gl\u00fcck auch viele gute Zeiten erlebt.<\/p>\n<p>Behalten Sie Robin in solcher Erinnerung &#8211; dass Sie ihn im Herzen behalten und ihm so auf Wiedersehen sagen k\u00f6nnen, das w\u00fcnsche ich Ihnen.<\/p>\n<p>Wir h\u00f6ren zum Ende der Feier jetzt noch ein Abschlusslied, dann geht Robin auf seine Reise.<\/p>\n<p>Wir treffen uns im gleich vor dem S\u00fcdfriedhof bei Blumen Wegner und gehen dann gemeinsam zur Beisetzung .<\/p>\n<p>Nach der Beisetzung sind Sie alle noch herzlich zu einem Treffen in die Soccerhalle eingeladen.<\/p>\n<p>Abschlussmusik<\/p>\n<p>&nbsp;<\/p>\n<p><span style=\"text-decoration: underline;\"><strong>Auf dem S\u00fcdfriedhof:<\/strong><\/span><\/p>\n<p>Zum Abschluss der Beisetzung m\u00f6chte ich noch eine Weisheit von Buddha sprechen:<\/p>\n<p>Es gibt eine Vollkommenheit tief inmitten alles Unzul\u00e4nglichen.<\/p>\n<p>Es gibt eine Stille, tief inmitten aller Ratlosigkeit.<\/p>\n<p>Es gibt ein Ziel, tief inmitten aller weltlichen Sorgen und N\u00f6te.<\/p>\n<p>Du l\u00e4chelst &#8211; und die Welt ver\u00e4ndert sich.<\/p>\n<p>(Weisheit von Buddha)<\/p>\n<p>&nbsp;<\/p>\n<p><em><strong>Auf Wiedersehen, Robin, bis bald<\/strong><\/em><\/p>\n<p>&nbsp;<\/p>\n<p>Michael Becker<\/p>\n<p>E-Mail: <a href=\"mailto:M.becker-dortmund@t-online.de\">M.becker-dortmund@t-online.de<\/a><\/p>\n","protected":false},"excerpt":{"rendered":"<p>&nbsp; \u00a0\u00a0\u00a0\u00a0 Auf Wiedersehensfeier f\u00fcr Robin B\u00fcrger &nbsp; Anfangsmusik Liebe G\u00e4ste, liebe Familie, bevor die Auf Wiedersehensfeier beginnt, m\u00f6chte ich noch etwas zu den angez\u00fcndeten Kerzen sagen: Sie haben Robin alle eine Kerze angez\u00fcndet &#8211; und vielleicht sehen Sie das symbolisch als ein Licht, das Sie ihm mit auf seinen Weg auf die \u201eandere Seite\u201c [&hellip;]<\/p>\n","protected":false},"author":1,"featured_media":0,"parent":0,"menu_order":2,"comment_status":"open","ping_status":"open","template":"","meta":{"ngg_post_thumbnail":0,"footnotes":""},"class_list":["post-102","page","type-page","status-publish","hentry"],"_links":{"self":[{"href":"https:\/\/robinbuerger.de\/robin\/index.php?rest_route=\/wp\/v2\/pages\/102","targetHints":{"allow":["GET"]}}],"collection":[{"href":"https:\/\/robinbuerger.de\/robin\/index.php?rest_route=\/wp\/v2\/pages"}],"about":[{"href":"https:\/\/robinbuerger.de\/robin\/index.php?rest_route=\/wp\/v2\/types\/page"}],"author":[{"embeddable":true,"href":"https:\/\/robinbuerger.de\/robin\/index.php?rest_route=\/wp\/v2\/users\/1"}],"replies":[{"embeddable":true,"href":"https:\/\/robinbuerger.de\/robin\/index.php?rest_route=%2Fwp%2Fv2%2Fcomments&post=102"}],"version-history":[{"count":78,"href":"https:\/\/robinbuerger.de\/robin\/index.php?rest_route=\/wp\/v2\/pages\/102\/revisions"}],"predecessor-version":[{"id":573,"href":"https:\/\/robinbuerger.de\/robin\/index.php?rest_route=\/wp\/v2\/pages\/102\/revisions\/573"}],"wp:attachment":[{"href":"https:\/\/robinbuerger.de\/robin\/index.php?rest_route=%2Fwp%2Fv2%2Fmedia&parent=102"}],"curies":[{"name":"wp","href":"https:\/\/api.w.org\/{rel}","templated":true}]}}